{"id":1547,"date":"2017-02-27T11:53:35","date_gmt":"2017-02-27T10:53:35","guid":{"rendered":"http:\/\/moja24.pl\/?page_id=1547"},"modified":"2022-03-17T17:42:36","modified_gmt":"2022-03-17T16:42:36","slug":"regulamin","status":"publish","type":"page","link":"https:\/\/moja24.pl\/index.php\/regulamin\/","title":{"rendered":"Regulaminy"},"content":{"rendered":"<p>[vc_row][vc_column][vc_column_text]<\/p>\n<h4 style=\"text-align: center;\"><\/h4>\n<h4 style=\"text-align: center;\"><\/h4>\n<h4 style=\"text-align: center;\">Regulamin Og\u00f3lny PORTALU Moja Gazeta<\/h4>\n<p style=\"text-align: center;\">\u00a7 1<br \/>\nDefinicje<\/p>\n<ol>\n<li>Portal Moja Gazeta to strona internetowa www.moja-gazeta.info\u00a0 wraz ze wszystkimi jej podstronami.<\/li>\n<li>U\u017cytkownik to osoba fizyczna, osoba prawna lub jednostka organizacyjna nie posiadaj\u0105ca osobowo\u015bci prawnej, korzystaj\u0105ca z Portalu<\/li>\n<li>Pe\u0142noprawny U\u017cytkownik to U\u017cytkownik, kt\u00f3ry jest zarejestrowany w Portalu.<\/li>\n<li>Informacja to ka\u017cda informacja dodana w dowolny spos\u00f3b przez u\u017cytkownika lub administracj\u0119 do Portalu<\/li>\n<li>Portal moja-gazeta.info jest zarz\u0105dzany i prowadzony przez PPUH Hayduk Andrzej Wojtaszek-Hayduk, z siedzib\u0105 w \u017barach przy ul. Moniuszki 11, NIP:928-000-05-36, REGON 970030228.<\/li>\n<li>Administratorzy i Redaktorzy tworz\u0105 Redakcj\u0119 Portalu.<br \/>\n1.\u00a0\u00a0 \u00a0Administrator to osoby wyznaczone przez w\u0142a\u015bciciela Portalu.<br \/>\n2.\u00a0\u00a0 \u00a0Redaktor to Pe\u0142noprawny U\u017cytkownik wyznaczony przez Administratora lub w\u0142a\u015bciciela Portalu.<\/li>\n<\/ol>\n<p style=\"text-align: center;\">\u00a7 2<br \/>\nZasady korzystania<\/p>\n<ol>\n<li>Korzystanie z Portalu jest nieodp\u0142atne i dost\u0119pne dla wszystkich u\u017cytkownik\u00f3w sieci Internet<\/li>\n<li>Wszystkich U\u017cytkownik\u00f3w Portalu obowi\u0105zuje zasada wzajemnego poszanowania i tolerancji oraz szeroko rozumianej etykiety.<\/li>\n<li>U\u017cytkownik powinien podczas dodawania Informacji o charakterze tekstowym pilnowa\u0107 czysto\u015bci j\u0119zyka, jakiego u\u017cywa zgodnie z ustaw\u0105 z dnia 7 pa\u017adziernika 1999 r. o j\u0119zyku polskim<\/li>\n<li>U\u017cytkownik dodaj\u0105c Informacje wyra\u017ca zgod\u0119 na ich publikacj\u0119 oraz wykorzystanie przez Portal.<\/li>\n<li>Nie jest dozwolone dodawanie informacji, kt\u00f3re nie s\u0105 zgodne z obowi\u0105zuj\u0105cym w Polsce prawem, a w szczeg\u00f3lno\u015bci:<br \/>\n1.\u00a0\u00a0 \u00a0przyczyniaj\u0105 si\u0119 do \u0142amania praw autorskich (Ustawa o prawie autorskim i prawach pokrewnych z dnia 4 lutego 1994r.),<br \/>\n2.\u00a0\u00a0 \u00a0zawieraj\u0105 wulgaryzmy (art. 3 Ustawy o j\u0119zyku polskim z dnia 7 pa\u017adziernika 1999r.),<br \/>\n3.\u00a0\u00a0 \u00a0obra\u017caj\u0105 osoby publiczne (art. 23 Kodeksu cywilnego),<br \/>\n4.\u00a0\u00a0 \u00a0obra\u017caj\u0105 inne narodowo\u015bci, religie, rasy ludzkie (art. 23 Kodeksu cywilnego oraz art. 194 &#8211; 196 Kodeksu karnego),<br \/>\n5.\u00a0\u00a0 \u00a0propaguj\u0105 alkohol (art. 2 (1) Ustawy o wychowaniu w trze\u017awo\u015bci i przeciwdzia\u0142aniu alkoholizmowi z dnia 26 pa\u017adziernika 1982r.),<br \/>\n6.\u00a0\u00a0 \u00a0propaguj\u0105 \u015brodki odurzaj\u0105ce, narkotyki (art.1 Ustawy o przeciwdzia\u0142aniu narkomanii z dnia 24 kwietnia 1997r.),<br \/>\n7.\u00a0\u00a0 \u00a0zawieraj\u0105 informacje obarczaj\u0105ce niesprawdzonymi zarzutami inne osoby (art. 23 Kodeksu cywilnego),<br \/>\n8.\u00a0\u00a0 \u00a0zawieraj\u0105 tre\u015bci pornograficzne.<\/li>\n<li>Informacje maj\u0105ce charakter reklamowy lub promocyjny dodawane przez U\u017cytkownika bez zgody Redakcji s\u0105 usuwane.<\/li>\n<li>Publikowane na stronach Portalu Informacje o charakterze reklamowym nie stanowi\u0105 oferty w rozumieniu przepis\u00f3w kodeksu cywilnego i Portal nie bierze odpowiedzialno\u015bci za ich tre\u015b\u0107.<\/li>\n<li>Dodawanie Informacji do dzia\u0142\u00f3w Og\u0142oszenia i Kontakt24 zarezerwowane jest dla Pe\u0142noprawnych U\u017cytkownik\u00f3w.<\/li>\n<li>Dodawanie Informacji do dzia\u0142\u00f3w Og\u0142oszenia, Kontakt24, Nekrologi jest dobrowolne i portal nie ponosi odpowiedzialno\u015bci za poprawno\u015b\u0107 dodanych danych \u2013 jednak b\u0119dzie stara\u0142 si\u0119, aby informacje dodane w tych dzia\u0142ach by\u0142y weryfikowane i zgodne ze stanem faktycznym.<\/li>\n<li>Dodaj\u0105c Informacj\u0119, grafik\u0119 czy zdj\u0119cie lub inne dane o charakterze cyfrowym, u\u017cytkownik gwarantuje, \u017ce posiada autorskie prawa maj\u0105tkowe do informacji lub prawa do jej wykorzystywania. Przes\u0142anie ich na adres redakcji oznacza, zgod\u0119 na jej nieodp\u0142atne wykorzystanie przez redakcj\u0119.<\/li>\n<li>Dodaj\u0105c Informacj\u0119, U\u017cytkownik wyra\u017ca zgod\u0119 na zapisanie w bazie danych Portalu adresu IP komputera, z kt\u00f3rego dodano Informacj\u0119 oraz czasu dodania Informacji.<\/li>\n<li>Dodawane przez U\u017cytkownik\u00f3w Informacje s\u0105 moderowane przez Administrator\u00f3w.<\/li>\n<li>Wszystkie opinie umieszczane jako Informacje s\u0105 opiniami ich autor\u00f3w (U\u017cytkownik\u00f3w). Opinie zawarte w Informacjach nie s\u0105 opiniami Portalu. Redakcja nie ponosi odpowiedzialno\u015bci za ich tre\u015b\u0107.<\/li>\n<\/ol>\n<p style=\"text-align: center;\">\u00a73<br \/>\nZasady korzystania z materia\u0142\u00f3w publikowanych na Portalu moja-gazeta.info<\/p>\n<ol>\n<li>Wszelkie prawa do publikowanych materia\u0142\u00f3w tj. artyku\u0142\u00f3w, grafik, zdj\u0119\u0107, materia\u0142\u00f3w video nale\u017c\u0105 do Portalu moja-gazeta.info i\/lub moja24.pl &#8211; publikowanie ich bez zgody autora czy podania \u017ar\u00f3d\u0142a jest zabronione.<\/li>\n<li>W niekt\u00f3rych przypadkach, niekt\u00f3re prawa autorskie do publikowanych materia\u0142\u00f3w mog\u0105 nale\u017ce\u0107 do os\u00f3b trzecich, a Portal moja-gazeta.info posiada zgod\u0119 na ich publikacj\u0119.<\/li>\n<li>U\u017cytkownik przesy\u0142aj\u0105c jakiekolwiek materia\u0142y redakcji wyra\u017ca zgod\u0119 na ich publikacj\u0119, jednocze\u015bnie ceduje wszystkie prawa do tych materia\u0142\u00f3w na w\u0142a\u015bciciela Portalu moja-gazeta.info bezp\u0142atnie.<\/li>\n<\/ol>\n<p style=\"text-align: center;\">&amp;4<br \/>\nRejestracja, Pe\u0142noprawni U\u017cytkownicy oraz rezygnacja z bycia u\u017cytkownikiem portalu moja-gazeta.info<\/p>\n<ol>\n<li>Rejestracja w Portalu moja-gazeta.info i\/lub moja24.pl jest darmowa i jednoznaczna z zaakceptowaniem postanowie\u0144 niniejszego Regulaminu.<\/li>\n<li>U\u017cytkownik, dodaj\u0105c Informacje podczas rejestracji, gwarantuje, \u017ce podane przez niego dane s\u0105 prawdziwe.<\/li>\n<li>Ka\u017cdy Pe\u0142noprawny U\u017cytkownik mo\u017ce w ka\u017cdej chwili zrezygnowa\u0107 ze statusu &#8222;Pe\u0142noprawny&#8221;. Przez rezygnacj\u0119 rozumiana jest utrata przywilej\u00f3w pe\u0142noprawnego u\u017cytkownika. W tym celu nale\u017cy wys\u0142a\u0107 wiadomo\u015b\u0107 e-mail na adres kontakt@moja24.pl<\/li>\n<li>U\u017cytkownik podczas Rejestracji lub dodawania Informacji wyra\u017ca zgod\u0119 na przetwarzanie swoich danych osobowych zgodnie z Ustaw\u0105 o ochronie danych osobowych z 29.08.1997, Dz.U.133, Poz.833.<\/li>\n<li>U\u017cytkownik podczas Rejestracji wyra\u017ca zgod\u0119 na sta\u0142e lub tymczasowe otrzymywanie korespondencji od Portalu na podane przez siebie adresy rzeczywiste lub\/i elektroniczne.<\/li>\n<\/ol>\n<p style=\"text-align: center;\">\u00a7 5<br \/>\nRedakcja<\/p>\n<ol>\n<li>Redakcja ma obowi\u0105zek:<br \/>\n1.\u00a0\u00a0 \u00a0dba\u0107 o dobry wizerunek Portalu moja-gazeta.info i\/lub moja24.pl<br \/>\n2.\u00a0\u00a0 \u00a0dostarcza\u0107 i publikowa\u0107 aktualne Informacje o szeroko rozumianej tematyce powiatu .<br \/>\n3.\u00a0\u00a0 \u00a0moderowa\u0107 Informacje dostarczane przez U\u017cytkownik\u00f3w,<br \/>\n4.\u00a0\u00a0 \u00a0stale ulepsza\u0107 funkcjonowanie Portalu,<br \/>\n5.\u00a0\u00a0 \u00a0do\u0142o\u017cy\u0107 wszelkich stara\u0144 w celu zapewnienia prawid\u0142owego dzia\u0142ania Portalu.<\/li>\n<li>Redakcja ma prawo do:<br \/>\n1.\u00a0\u00a0 \u00a0edytowania Informacji zawartych w Portalu<br \/>\n2.\u00a0\u00a0 \u00a0korzystania z adres\u00f3w pocztowych w domenie www.moja-gazeta.info, www.moja24.pl .<\/li>\n<li>Administrator i w\u0142a\u015bciciel Portalu maj\u0105 prawo do usuwania Informacji bez podania przyczyny.<\/li>\n<li>Administrator ma prawo do:<br \/>\n1.\u00a0\u00a0 \u00a0wgl\u0105du do danych zapisanych w bazie danych Portalu<\/li>\n<li>Redakcja z wa\u017cnej przyczyny mo\u017ce zmieni\u0107 niniejszy Regulamin. O zmianach regulaminu i ich zakresie zarejestrowani U\u017cytkownicy b\u0119d\u0105 powiadomieni drog\u0105 elektroniczn\u0105 (na wskazany przy rejestracji e-mail). Powiadomienie zostanie wys\u0142ane co najmniej na 3 dni przed wej\u015bciem w \u017cycie nowego regulaminu. Za wa\u017cn\u0105 przyczyn\u0119 zmiany Regulaminu uwa\u017ca si\u0119 w szczeg\u00f3lno\u015bci:<br \/>\n1.\u00a0\u00a0 \u00a0zmian\u0119 przepis\u00f3w prawnych,<br \/>\n2.\u00a0\u00a0 \u00a0utrat\u0119 uprawnie\u0144 wymaganych do oferowania poszczeg\u00f3lnych us\u0142ug w Portalu,<br \/>\n3.\u00a0\u00a0 \u00a0utrat\u0119 praw do domeny lub istotn\u0105 awari\u0119 sprz\u0119tu.<\/li>\n<li>Redakcja nie ponosi odpowiedzialno\u015bci za:<br \/>\n1.\u00a0\u00a0 \u00a0szkody spowodowane nieprawid\u0142owym korzystaniem przez u\u017cytkownika z Portalu;<br \/>\n2.\u00a0\u00a0 \u00a0za problemy w funkcjonowaniu Portalu, je\u017celi nast\u0105pi\u0142y one wskutek zdarze\u0144, kt\u00f3rych Redakcja przy zachowaniu nale\u017cytej staranno\u015bci nie by\u0142a w stanie przewidzie\u0107 lub kt\u00f3rym nie mog\u0142a zapobiec,<br \/>\n3.\u00a0\u00a0 \u00a0niezgodne z postanowieniami niniejszego Regulaminu korzystanie z Portalu przez U\u017cytkownik\u00f3w;<br \/>\n4.\u00a0\u00a0 \u00a0skutki wynikaj\u0105ce z wej\u015bcia przez osoby trzecie w posiadanie Informacji;<br \/>\n5.\u00a0\u00a0 \u00a0przerwy w \u015bwiadczeniu Portalu zaistnia\u0142e z przyczyn technicznych (np. konserwacja, przegl\u0105d, wymiana sprz\u0119tu) lub niezale\u017cnych od Autor\u00f3w Serwisu;<br \/>\n6.\u00a0\u00a0 \u00a0utrat\u0119 danych spowodowan\u0105 awari\u0105 sprz\u0119tu, systemu lub te\u017c innymi okoliczno\u015bciami niezale\u017cnymi od Redakcji i W\u0142a\u015bciciela Portalu<br \/>\n7.\u00a0\u00a0 \u00a0Za tre\u015bci publikowane na stronach zawartych w odno\u015bnikach (linkach) do innych witryn lub instytucji Portal nie odpowiada<\/li>\n<li>Wszelkie wi\u0105\u017c\u0105ce decyzje zwi\u0105zane z funkcjonowaniem Portalu mo\u017ce podejmowa\u0107 tylko i wy\u0142\u0105cznie W\u0142a\u015bciciel.<\/li>\n<\/ol>\n<p style=\"text-align: center;\">\u00a7 6<br \/>\nOchrona danych osobowych<\/p>\n<ol>\n<li>Wszelkie Informacje podane przez U\u017cytkownika podczas Rejestracji nie b\u0119d\u0105 bez jego wiedzy i zgody w \u017caden spos\u00f3b przetwarzane, za wyj\u0105tkiem przetwarzania na potrzeby Portalu.<\/li>\n<li>Redakcja do\u0142o\u017cy wszelkich stara\u0144 aby zapewni\u0107 poufno\u015b\u0107 danych zapisanych w Portalu.<\/li>\n<li>Na wniosek os\u00f3b trzecich, wobec kt\u00f3rych w Informacji dosz\u0142o do naruszenia prawa, Portal mo\u017ce udost\u0119pni\u0107 dane dotycz\u0105ce U\u017cytkownika, kt\u00f3ry dokona\u0142 niezgodnego z prawem dodania Informacji.<\/li>\n<\/ol>\n<p style=\"text-align: center;\">\u00a7 7<br \/>\nDane kontaktowe<\/p>\n<p>Redakcja:<br \/>\nMoja Gazeta<br \/>\nul. Moniuszki 11, 68-200 \u017bary<br \/>\nNIP 928-000-05-36<br \/>\nREGON 970030228<br \/>\nkonto bankowe Santander Bank 47 1090 2561 0000 0001 3427 3199<br \/>\ntel. 519 077 781<br \/>\ne-mail: redakcja@moja-gazeta.info<br \/>\ne-mail: a.buczynski@moja24.pl<br \/>\nRedaktor naczelny:<br \/>\nAndrzej Buczy\u0144ski<br \/>\ntel. 519 077 781<br \/>\ne-mail:a.buczynski@moja24.pl<\/p>\n<p style=\"text-align: center;\">\u00a7 8<br \/>\nUstalenia ko\u0144cowe<\/p>\n<ol>\n<li>W sprawach nieuregulowanych w niniejszym Regulaminie maj\u0105 zastosowanie przepisy Kodeksu Cywilnego oraz Kodeksu Karnego.<\/li>\n<li>Niniejszy Regulamin wchodzi w \u017cycie z dniem opublikowania na stronie\u00a0\u00a0\u00a0\u00a0 www.moja-gazeta.info i\/lub moja24.pl\u00a0 tj. 26.01.2016 r., z p\u00f3\u017aniejszymi\u00a0 zmianami ( zmiana 01.01.2022 r)<\/li>\n<li>Reklamacje wynikaj\u0105ce z nieznajomo\u015bci niniejszego Regulaminu b\u0119d\u0105 rozpatrywane negatywnie.<\/li>\n<li>Podczas zak\u0142adania konta ka\u017cdy U\u017cytkownik potwierdza, \u017ce zapozna\u0142 si\u0119 z tre\u015bci\u0105 niniejszego Regulaminu i akceptuje wszystkie jego postanowienia.<\/li>\n<\/ol>\n<h4 style=\"text-align: center;\"><\/h4>\n<h4 style=\"text-align: center;\">Regulamin zamieszczania reklam na portalu internetowym <a href=\"http:\/\/www.moja24.pl\/\">www.moja24.pl<\/a><\/h4>\n<p style=\"text-align: center;\"><strong>\u00a0\u00a71<\/strong><\/p>\n<p style=\"text-align: center;\">Definicje<\/p>\n<p>Niniejszy regulamin znajduje zastosowanie do um\u00f3w zawieranych pomi\u0119dzy Wydawc\u0105 tygodnika Moja Gazeta i portalu internetowego <a href=\"http:\/\/www.moja24.pl\/\">www.moja24.pl<\/a>\u00a0 a Og\u0142oszeniodawc\u0105 zlecaj\u0105cym zamieszczanie og\u0142osze\u0144 lub reklam.<\/p>\n<p>W rozumieniu niniejszego regulaminu: og\u00f3lne warunki zamieszczenia reklam i og\u0142osze\u0144 \u2013 to og\u00f3lne zasady zamieszczania og\u0142osze\u0144 wymiarowych, reklam i innych form prezentacji o charakterze promocyjnym na portalu internetowym <a href=\"http:\/\/www.moja24.pl\/\">www.moja24.pl<\/a> znajduj\u0105ce zastosowanie jako postanowienie umowne do zawieranych um\u00f3w (zlece\u0144 reklamowych) pomi\u0119dzy Wydawc\u0105, a Og\u0142oszeniodawc\u0105.<\/p>\n<ol>\n<li>WYDAWCA to &#8211; PPUH Hayduk Andrzej Wojtaszek-Hayduk z siedzib\u0105 w \u017barach, ul. Moniuszki 11, 68-200 \u017bary o numerze NIP 928-000-05-36, , wydaj\u0105cego tygodnik \u201eMoja Gazeta\u201d oraz portal informacyjny <a href=\"http:\/\/www.moja24.pl\/\">www.moja24.pl<\/a> .<\/li>\n<li>OG\u0141OSZENIODAWCA w niniejszym regulaminie to \u2013 osoba fizyczna, osoba prawna lub inna jednostka organizacyjna nie posiadaj\u0105ca osobowo\u015bci prawnej zlecaj\u0105ca zamieszczenie na \u0142amach portalu <a href=\"http:\/\/www.moja24.pl\/\">www.moja24.pl<\/a> \u00a0og\u0142oszenia wymiarowego, reklamy i inne formy prezentacji o charakterze promocyjnym;<\/li>\n<li>\u201eMoja Gazeta\u201d &#8211; to tygodnik wydawany przed Wydawc\u0119 o zasi\u0119gu: powiat \u017carski i \u017caga\u0144ski, w tym r\u00f3wnie\u017c jego okazjonalne wydania i dodatki okoliczno\u015bciowe i tematyczne, wraz z portalem internetowym <a href=\"http:\/\/www.moja24.pl\/\">www.moja24.pl<\/a> .<\/li>\n<li>Og\u0142oszenie \u2013 og\u0142oszenie wymiarowe p\u0142atne za modu\u0142 lub inna jednostka powierzchni okre\u015blona w cenniku Wydawcy;<\/li>\n<li>Reklama \u2013 materia\u0142 reklamowy b\u0105d\u017a inne formy prezentacji o charakterze promocyjnym p\u0142atne w zale\u017cno\u015bci od wielko\u015bci, za modu\u0142 lub inna jednostk\u0119 powierzchni okre\u015blonej w cenniku Wydawcy.<\/li>\n<\/ol>\n<p style=\"text-align: center;\"><strong>\u00a72<\/strong><\/p>\n<p style=\"text-align: center;\">Zasady zamieszczania reklam i og\u0142osze\u0144<\/p>\n<ol>\n<li>Wydawca i redaktor naczelny nie ponosz\u0105 odpowiedzialno\u015bci za tre\u015b\u0107 og\u0142osze\u0144 i reklam.<\/li>\n<li>Og\u0142oszeniodawca jest wy\u0142\u0105cznie odpowiedzialny za zapewnienie, \u017ce przys\u0142uguj\u0105 mu prawa na dobrach niematerialnych (prawa autorskie, pokrewne, wynalazcze, patentowe, na znakach towarowych lub wzorach zdobniczych, z tytu\u0142u tajemnicy handlowej i innych podobnych) do pos\u0142ugiwania si\u0119 u\u017cytymi w zleconych zamieszczania og\u0142osze\u0144 lub reklam \u2013 znakami, informacjami, danymi, utworami lub ich fragmentami, wizerunkami, znakami towarowymi, wzorami zdobniczymi lub innymi elementami stanowi\u0105cymi przedmiot jakiejkolwiek ochrony prawnej.<\/li>\n<li>Z\u0142o\u017cenie przez Og\u0142oszeniodawc\u0119 zlecenia na zamieszczenie og\u0142oszenia lub reklamy w okre\u015blonej formie graficznej i tekstowej jest r\u00f3wnoznaczne z o\u015bwiadczeniem przez Og\u0142oszeniodawc\u0119, \u017ce jest w pe\u0142ni odpowiedzialny i spe\u0142ni\u0142 wszelkie obowi\u0105zki, by og\u0142oszenie lub reklama kt\u00f3rej zamieszczenia zleca by\u0142a w zgodzie z obowi\u0105zuj\u0105cym prawem lub dobrymi obyczajami kupieckimi.<\/li>\n<li>Og\u0142oszeniodawca zobowi\u0105zuje si\u0119 do naprawiania wszelkich szk\u00f3d mog\u0105cych wynika\u0107 po stronie Wydawcy w zwi\u0105zku z tre\u015bci\u0105, lub form\u0105 zleconych do zamieszczenia og\u0142osze\u0144 lub reklam, w tym i do poniesienia koszt\u00f3w post\u0119powa\u0144 spornych, wpis\u00f3w s\u0105dowych, koszt\u00f3w zast\u0119pstwa procesowego i innych uzasadnionych wydatk\u00f3w Wydawcy poniesionych w zwi\u0105zku z roszczeniami os\u00f3b trzecich.<\/li>\n<li>Podstaw\u0105 do zamieszczenia przez Wydawc\u0119 og\u0142oszenia lub reklamy na portalu internetowym <a href=\"http:\/\/www.moja24.pl\/\">www.moja24.pl<\/a>\u00a0 jest z\u0142o\u017cenie przez Og\u0142oszeniodawc\u0119 zlecenia okre\u015blaj\u0105cego rodzaj og\u0142oszenia lub reklamy, jej powierzchni\u0119, termin realizacji, terminy i warunki p\u0142atno\u015bci oraz cen\u0119, wed\u0142ug cennika.<\/li>\n<li>W przypadku og\u0142osze\u0144 lub reklam zlecanych do zamieszczenia przez Og\u0142oszeniodawc\u0119 prowadz\u0105cego dzia\u0142alno\u015b\u0107 gospodarcz\u0105 jako osoba fizyczna, osob\u0105 prawn\u0105 lub inna jednostk\u0119 organizacyjn\u0105 nie posiadaj\u0105ca osobowo\u015bci prawnej, Og\u0142oszeniodawca taki zobowi\u0105zany jest przedstawi\u0107: Numer Informacji Podatkowej (NIP) oraz o\u015bwiadczenie wyra\u017caj\u0105ce zgod\u0119 na wystawienie przez Wydawc\u0119 faktury VAT bez podpisu Og\u0142oszeniodawcy.<\/li>\n<li>Zlecenie na zamieszczenie og\u0142oszenia lub reklamy zawiera cen\u0119 p\u0142atn\u0105 za liczb\u0119 modu\u0142\u00f3w lub inn\u0105 powierzchni\u0119 og\u0142oszenia lub reklamy. Za opracowanie graficzno-techniczne, wykonanie reklamy lub opracowanie redakcyjne tre\u015bci wed\u0142ug dostarczonego projektu dolicza si\u0119 jednorazowo dodatkowe koszty, w zale\u017cno\u015bci od powierzchni, z\u0142o\u017cono\u015bci grafiki i form redakcyjnych. Cena ustalana jest z handlowcem reprezentuj\u0105cym Wydawc\u0119. Materia\u0142y reklamowe opracowane i wykonane przez Wydawc\u0119 nie mog\u0105 by\u0107 wykorzystywane przez Og\u0142oszeniodawc\u0119 na \u0142amach innych tytu\u0142\u00f3w prasowych i b\u0105d\u017a internetowych bez zgody Wydawcy.<\/li>\n<li>Odr\u0119bna umowna cena obowi\u0105zuje przy artyku\u0142ach i wywiadach reklamowych (promocyjnych). Gotowe wywiady i artyku\u0142y reklamowe s\u0105 p\u0142atne wed\u0142ug cen modu\u0142\u00f3w, w zale\u017cno\u015bci od zaj\u0119tej powierzchni. Nale\u017cno\u015b\u0107 za przygotowanie tekstu obci\u0105\u017ca Og\u0142oszeniodawc\u0119, a honorarium autorskie podlega zawartej przez niego z autorem odr\u0119bnej umowie-zlecenia. Teksty artyku\u0142\u00f3w reklamowych publikowane s\u0105 w ramce i opatrzone nadtytu\u0142em \u201etekst promocyjny\u201d lub \u201ereklama\u201d.<\/li>\n<li>Redakcja ma prawo odmowy przyj\u0119cia do realizacji materia\u0142\u00f3w nie nadaj\u0105cych si\u0119 do reprodukcji z powodu z\u0142ej jako\u015bci lub nie odpowiadaj\u0105cym parametrom technicznym.<\/li>\n<li>Wszelkie zmiany w tre\u015bci og\u0142oszenia lub reklamy \u2013 podane wy\u0142\u0105cznie na pi\u015bmie \u2013 mog\u0105 by\u0107 dokonane nie p\u00f3\u017aniej ni\u017c trzy dni przed publikacj\u0105. Og\u0142oszeniodawca ma prawo do trzech bezp\u0142atnych korekt reklamy b\u0105d\u017a og\u0142oszenia. Nast\u0119pne p\u0142atne s\u0105 w wysoko\u015bci 20% warto\u015bci przygotowania reklamy. Redakcja ma prawo odrzuci\u0107 korekt\u0119 maj\u0105c\u0105 charakter nieuzasadniony technicznie i merytorycznie.<\/li>\n<li>W przypadku niedostarczenia przez Og\u0142oszeniodawc\u0119 nowych materia\u0142\u00f3w w terminach okre\u015blonych w punkcie 11, redakcja ma prawo do zamieszczenia og\u0142oszenia lub reklamy dostarczonej w pierwotnej wersji.<\/li>\n<\/ol>\n<p style=\"text-align: center;\"><strong>\u00a73<\/strong><\/p>\n<p style=\"text-align: center;\">P\u0142atno\u015bci , rozliczenia i reklamacje<\/p>\n<ol>\n<li>Wycofanie zlecenia na zamieszczenie og\u0142oszenia lub reklamy w terminie 5 dni i kr\u00f3tszym przed zamieszczeniem jej na portalu internetowym, uprawni\u0105 redakcj\u0119 do obci\u0105\u017cenia zleceniodawcy r\u00f3wnowarto\u015bci\u0105 100proc. uzasadnionej warto\u015bci zlecenia .W przypadku wycofania zlecenia\/ zam\u00f3wienia w terminie 10-14 dni przed ukazaniem si\u0119 numeru, Og\u0142oszeniodawca ponosi koszty w wysoko\u015bci 30-50 proc. Warto\u015bci zlecenia. W przypadku rezygnacji z reklamy d\u0142ugoterminowej w trakcie trwania emisji reklamy lub og\u0142oszenia Og\u0142oszeniodawca ponosi koszty w wysoko\u015bci 25 proc. warto\u015bci zlecenia. W szczeg\u00f3lnych przypadkach postanowienia niniejszego punktu mog\u0105 by\u0107 negocjowane i zmienione na mocy porozumienia stron zawieraj\u0105cych zlecenie a w przypadku zaprzestania prowadzenia dzia\u0142alno\u015bci wydawnictwa postanowienia niniejszego punktu trac\u0105 wa\u017cno\u015b\u0107.<\/li>\n<li>Je\u017celi materia\u0142y dostarczone do reprodukcji maj\u0105 by\u0107 zwr\u00f3cone Og\u0142oszeniodawcy, nale\u017cy to wyra\u017anie zaznaczy\u0107 w zleceniu na zamieszczenie og\u0142oszenia lub reklamy.<\/li>\n<li>Wydawca mo\u017ce odm\u00f3wi\u0107 zamieszczenia og\u0142oszenia lub reklamy, je\u017celi ich tre\u015b\u0107 lub forma pozostaj\u0105 w sprzeczno\u015bci z prawem. Wydawca tak\u017ce ma prawo odmowy publikacji reklam w trakcie realizacji zam\u00f3wienia lub zlecenia, je\u017celi ich forma lub tre\u015b\u0107 spotka si\u0119 z negatywnym odbiorem.<\/li>\n<li>Ewentualne reklamacje przyjmowane s\u0105 wy\u0142\u0105cznie na pi\u015bmie w przeci\u0105gu 7 dni od daty ukazania si\u0119 og\u0142oszenia lub reklamy na portalu informacyjnym <a href=\"http:\/\/www.moja24.pl\/\">www.moja24.pl<\/a> . Reklamacje z\u0142o\u017cone po terminie nie b\u0119d\u0105 rozpatrywane.<\/li>\n<li>Og\u0142oszeniodawca zobowi\u0105zuje si\u0119, \u017ce w dniu od kt\u00f3rego emisja reklamy lub og\u0142oszenia\u00a0 winna by\u0107 rozpocz\u0119ta zgodnie z podpisanym zleceniem , sprawdzi czy emisja reklamy lub og\u0142oszenia na portalu <a href=\"http:\/\/www.moja24.pl\/\">www.moja24.pl<\/a>\u00a0 rozpocz\u0119\u0142a si\u0119 i trwa zgodnie z ustaleniami zawartymi na pi\u015bmie w formie zlecenia. Je\u017celi og\u0142oszeniodawca stwierdzi, \u017ce reklama nie zosta\u0142a zamieszczona to zobowi\u0105zuje si\u0119 jednocze\u015bnie do natychmiastowego poinformowania o tym fakcie Wydawc\u0119. Niezw\u0142ocznie tj. w przeci\u0105gu 1 dnia od um\u00f3wionej daty rozpocz\u0119cia emisji reklamy lub og\u0142oszenia.\u00a0 Je\u017celi Og\u0142oszeniodawca nie zg\u0142osi Wydawcy ewentualnego braku zakupionej przez niego reklamy b\u0105d\u017a og\u0142oszenia oznacza\u0107 to b\u0119dzie, \u017ce reklama zosta\u0142a wyemitowana na \u0142amach portalu <a href=\"http:\/\/www.moja24.pl\/\">www.moja24.pl<\/a> zgodnie z ustaleniami stron i zobowi\u0105zuje si\u0119 do zap\u0142aty za wyemitowan\u0105 reklam\u0119.<\/li>\n<li>Redakcja nie ponosi odpowiedzialno\u015bci za ewentualne szkody wynik\u0142e na skutek si\u0142 wy\u017cszych, kt\u00f3re zak\u0142\u00f3ci\u0142y cz\u0119\u015bciowo lub ca\u0142kowicie wydawanie portalu internetowego <a href=\"http:\/\/www.moja24.pl\/\">www.moja24.pl<\/a> .<\/li>\n<li>Za emisj\u0119 og\u0142osze\u0144 i reklam przyjmowane s\u0105 przelewy na konto Wydawcy w Santander Bank\u00a0 oddzia\u0142 \u017bary nr konta: 21 1090 2561 0000 0001 3426 9399.<\/li>\n<li>Ustalona kwot\u0119 nale\u017cy wp\u0142aci\u0107 w terminie okre\u015blonym w zleceniu, nie p\u00f3\u017aniej jednak ni\u017c 14 dni od daty otrzymania faktury. W przypadku op\u00f3\u017anienia p\u0142atno\u015bci zleceniodawca zostanie mo\u017ce by\u0107 obci\u0105\u017cony odsetkami zgodnie z obowi\u0105zuj\u0105cymi przepisami prawnymi. Redakcja zastrzega sobie r\u00f3wnie\u017c prawo wstrzymania emisji zam\u00f3wionych og\u0142osze\u0144 i reklam, je\u017celi poprzednie faktury nie zosta\u0142y op\u0142acone.<\/li>\n<\/ol>\n<p style=\"text-align: center;\"><strong>\u00a74<\/strong><\/p>\n<p style=\"text-align: center;\">Postanowienia ko\u0144cowe<\/p>\n<ol>\n<li>Podpisanie przez Og\u0142oszeniodawc\u0119 Zlecenie zamieszczenia og\u0142oszenia lub reklamy oznacza akceptacj\u0119 powy\u017cszych warunk\u00f3w. W sprawach spornych nie uregulowanych niniejszymi og\u00f3lnymi warunkami znajduj\u0105 zastosowanie przepisy kodeksu cywilnego i prawa prasowego.<\/li>\n<li>\u00a0Niniejszy Regulamin wchodzi w \u017cycie z dniem opublikowania na stronie\u00a0\u00a0\u00a0\u00a0 <a href=\"http:\/\/www.moja24.pl\/\">www.moja24.pl<\/a> \u00a0 tj. 29.06.2017 r., z p\u00f3\u017aniejszymi zmianami. Pierwsza zmiana regulaminu 01.01.2022 r.<\/li>\n<li>\u00a0Reklamacje wynikaj\u0105ce z nieznajomo\u015bci niniejszego Regulaminu b\u0119d\u0105 rozpatrywane negatywnie.<\/li>\n<li>Podczas zak\u0142adania zlecenia Og\u0142oszeniodawca potwierdza, \u017ce zapozna\u0142 si\u0119 z tre\u015bci\u0105 niniejszego Regulaminu i akceptuje wszystkie jego postanowienia.<\/li>\n<\/ol>\n<p>[\/vc_column_text][\/vc_column][\/vc_row]<\/p>\n","protected":false},"excerpt":{"rendered":"<p>[vc_row][vc_column][vc_column_text] Regulamin Og\u00f3lny PORTALU Moja Gazeta \u00a7 1 Definicje Portal Moja Gazeta to strona internetowa www.moja-gazeta.info\u00a0 wraz ze wszystkimi jej podstronami. U\u017cytkownik to osoba fizyczna, osoba prawna lub jednostka organizacyjna nie posiadaj\u0105ca osobowo\u015bci prawnej, korzystaj\u0105ca z Portalu Pe\u0142noprawny U\u017cytkownik to U\u017cytkownik, kt\u00f3ry jest zarejestrowany w Portalu. Informacja to ka\u017cda informacja dodana w dowolny spos\u00f3b przez [&hellip;]<\/p>\n","protected":false},"author":2,"featured_media":0,"parent":0,"menu_order":0,"comment_status":"closed","ping_status":"closed","template":"","meta":{"_monsterinsights_skip_tracking":false,"_monsterinsights_sitenote_active":false,"_monsterinsights_sitenote_note":"","_monsterinsights_sitenote_category":0,"footnotes":""},"class_list":["post-1547","page","type-page","status-publish","hentry"],"_links":{"self":[{"href":"https:\/\/moja24.pl\/index.php\/wp-json\/wp\/v2\/pages\/1547","targetHints":{"allow":["GET"]}}],"collection":[{"href":"https:\/\/moja24.pl\/index.php\/wp-json\/wp\/v2\/pages"}],"about":[{"href":"https:\/\/moja24.pl\/index.php\/wp-json\/wp\/v2\/types\/page"}],"author":[{"embeddable":true,"href":"https:\/\/moja24.pl\/index.php\/wp-json\/wp\/v2\/users\/2"}],"replies":[{"embeddable":true,"href":"https:\/\/moja24.pl\/index.php\/wp-json\/wp\/v2\/comments?post=1547"}],"version-history":[{"count":12,"href":"https:\/\/moja24.pl\/index.php\/wp-json\/wp\/v2\/pages\/1547\/revisions"}],"predecessor-version":[{"id":23722,"href":"https:\/\/moja24.pl\/index.php\/wp-json\/wp\/v2\/pages\/1547\/revisions\/23722"}],"wp:attachment":[{"href":"https:\/\/moja24.pl\/index.php\/wp-json\/wp\/v2\/media?parent=1547"}],"curies":[{"name":"wp","href":"https:\/\/api.w.org\/{rel}","templated":true}]}}