{"id":2088,"date":"2017-03-15T12:40:49","date_gmt":"2017-03-15T11:40:49","guid":{"rendered":"http:\/\/moja24.pl\/?page_id=2088"},"modified":"2022-03-17T13:18:46","modified_gmt":"2022-03-17T12:18:46","slug":"polityka-prywatnosci","status":"publish","type":"page","link":"https:\/\/moja24.pl\/index.php\/polityka-prywatnosci\/","title":{"rendered":"Polityka prywatno\u015bci"},"content":{"rendered":"<ol>\n<li>Serwis zbiera w spos\u00f3b automatyczny tylko informacje zawarte w plikach cookies.<\/li>\n<li>Pliki (cookies) s\u0105 plikami tekstowymi, kt\u00f3re przechowywane s\u0105 w urz\u0105dzeniu ko\u0144cowym u\u017cytkownika serwisu. Przeznaczone s\u0105 do korzystania ze stron serwisu. Przede wszystkim zawieraj\u0105 nazw\u0119 strony internetowej swojego pochodzenia, sw\u00f3j unikalny numer, czas przechowywania na urz\u0105dzeniu ko\u0144cowym.<\/li>\n<li>Operator serwisu (PPUH Hayduk, ul. Moniuszki 11, 68-200 \u017bary) jest podmiotem zamieszczaj\u0105cym na urz\u0105dzeniu ko\u0144cowym swojego u\u017cytkownika pliki cookies oraz maj\u0105cym do nich dost\u0119p.<\/li>\n<li>Operator serwisu wykorzystuje pliki (cookies) w celu:<br \/>\n\u2022\u00a0\u00a0 \u00a0dopasowania zawarto\u015bci strony internetowej do indywidualnych preferencji u\u017cytkownika, przede wszystkim pliki te rozpoznaj\u0105 jego urz\u0105dzenie, aby zgodnie z jego preferencjami wy\u015bwietli\u0107 stron\u0119;<br \/>\n\u2022\u00a0\u00a0 \u00a0przygotowywania statystyk pomagaj\u0105cych poznaniu preferencji i zachowa\u0144 u\u017cytkownik\u00f3w, analiza tych statystyk jest anonimowa i umo\u017cliwia dostosowanie zawarto\u015bci i wygl\u0105du serwisu do panuj\u0105cych trend\u00f3w, statystyki stosuje si\u0119 te\u017c do oceny popularno\u015bci strony;<br \/>\n\u2022\u00a0\u00a0 \u00a0mo\u017cliwo\u015bci logowania do serwisu o ile administrator portalu uruchomi tak\u0105 mo\u017cliwo\u015b\u0107 obecnie nie ma mo\u017cliwo\u015bci logowania do serwisu;<br \/>\n\u2022\u00a0\u00a0 \u00a0utrzymania logowania u\u017cytkownika na ka\u017cdej kolejnej stronie serwisu, o ile administrator portalu uruchomi mo\u017cliwo\u015b\u0107 rejestracji i logowania do serwisu.<\/li>\n<li>Serwis stosuje dwa zasadnicze rodzaje plik\u00f3w (cookies) &#8211; sesyjne i sta\u0142e. Pliki sesyjne s\u0105 tymczasowe, przechowuje si\u0119 je do momentu opuszczenia strony serwisu (poprzez wej\u015bcie na inn\u0105 stron\u0119, wylogowanie lub wy\u0142\u0105czenie przegl\u0105darki). Pliki sta\u0142e przechowywane s\u0105 w urz\u0105dzeniu ko\u0144cowym u\u017cytkownika do czasu ich usuni\u0119cia przez u\u017cytkownika lub przez czas wynikaj\u0105cy z ich ustawie\u0144.<\/li>\n<li>U\u017cytkownik mo\u017ce w ka\u017cdej chwili dokona\u0107 zmiany ustawie\u0144 swojej przegl\u0105darki, aby zablokowa\u0107 obs\u0142ug\u0119 plik\u00f3w (cookies) lub ka\u017cdorazowo uzyskiwa\u0107 informacje o ich umieszczeniu w swoim urz\u0105dzeniu. Inne dost\u0119pne opcje mo\u017cna sprawdzi\u0107 w ustawieniach swojej przegl\u0105darki internetowej. Nale\u017cy pami\u0119ta\u0107, \u017ce wi\u0119kszo\u015b\u0107 przegl\u0105darek domy\u015blnie jest ustawione na akceptacj\u0119 zapisu plik\u00f3w (cookies)w urz\u0105dzeniu ko\u0144cowym. Poni\u017cej lista najpopularniejszych przegl\u0105darek internetowych, w kt\u00f3rych mo\u017cesz samodzielnie zmieni\u0107 ustawienia plik\u00f3w cookies:\u00a0<span class=\"text-left\" style=\"color: #000000;\"><span class=\"text-left\" style=\"font-family: Times New Roman, serif;\"><span class=\"text-left\" style=\"font-size: medium;\"><b class=\"text-left\">Internet Explorer<\/b><\/span><\/span><\/span><br class=\"text-left\" \/><span class=\"text-left\" style=\"color: #000000;\"><span class=\"text-left\" style=\"font-family: Times New Roman, serif;\"><span class=\"text-left\" style=\"font-size: medium;\">Menu | Narz\u0119dzia &gt; Opcje internetowe &gt; Prywatno\u015b\u0107 <a href=\"https:\/\/support.microsoft.com\/pl-pl\/products\/windows?os=windows-7\">zapoznaj si\u0119 kliknij tutaj<\/a>,\u00a0<b class=\"text-left\">Google Chrome<\/b><br class=\"text-left\" \/>Menu | Ustawienia &gt; Poka\u017c ustawienia zaawansowane &gt; Ustawienia tre\u015bci <a href=\"https:\/\/support.google.com\/chrome\/answer\/95647?hl=pl\">zapoznaj si\u0119, kliknij tutaj<\/a>,\u00a0<b class=\"text-left\">Mozilla Firefox\u00a0<\/b>Menu | Narz\u0119dzia &gt; Opcje &gt; Opcje &gt; Prywatno\u015b\u0107 <a href=\"https:\/\/support.mozilla.org\/pl\/kb\/W%C5%82%C4%85czanie%20i%20wy%C5%82%C4%85czanie%20obs%C5%82ugi%20ciasteczek\">zapoznaj si\u0119, kliknij tutaj<\/a>,\u00a0<b class=\"text-left\">Opera\u00a0<\/b>Menu | Ustawienia &gt; Preferencje &gt; Zaawansowane &gt; Ciasteczka <a href=\"http:\/\/help.opera.com\/Windows\/12.10\/pl\/cookies.html\">zapoznaj si\u0119, kliknij tutaj<\/a><\/span><\/span><\/span><\/li>\n<li>Operator Serwisu informuje, \u017ce zmiany ustawie\u0144 w przegl\u0105darce internetowej u\u017cytkownika mog\u0105 ograniczy\u0107 dost\u0119p do niekt\u00f3rych funkcji strony internetowej serwisu.<\/li>\n<li>Pliki (cookies) z kt\u00f3rych korzysta serwis (zamieszczane w urz\u0105dzeniu ko\u0144cowym u\u017cytkownika) mog\u0105 by\u0107 udost\u0119pnione jego partnerom oraz wsp\u00f3\u0142pracuj\u0105cym z nim reklamodawc\u0105.<\/li>\n<li>Informacje dotycz\u0105ce ustawie\u0144 przegl\u0105darek internetowych dost\u0119pne s\u0105 w jej menu (pomoc) lub na stronie jej producenta.<br \/>\nBardziej szczeg\u00f3\u0142owe informacje na temat plik\u00f3w (cookies) dost\u0119pne s\u0105 na stronie ciasteczka.org.pl<\/li>\n<li>Przygotowana Polityka Prywatno\u015bci jest \u015bci\u015ble zwi\u0105zana z konieczno\u015bci\u0105 stosowania nowych wymog\u00f3w dotycz\u0105cych przetwarzania danych, wynikaj\u0105cych z unijnych przepis\u00f3w o ochronie danych osobowych tj. rozporz\u0105dzenia 2016\/679, zwanego tak\u017ce RODO (dalej: Rozporz\u0105dzenie).<\/li>\n<\/ol>\n<p>Zgodnie z art.13 ust.1 i ust.2 rozporz\u0105dzenia Parlamentu Europejskiego i rady (UE) 2016\/679 z dnia 27 kwietnia 2016r. w sprawie ochrony os\u00f3b fizycznych w zwi\u0105zku z przetwarzaniem danych osobowych i w sprawie swobodnego przep\u0142ywu takich danych oraz uchylenia dyrektywy 95\/46\/WE (og\u00f3lnego rozporz\u0105dzenia o ochronie danych ), informujemy ,\u017ce:<\/p>\n<ol>\n<li>Administratorem Pa\u0144stwa danych osobowych jest Moja Gazeta sp. z o.o. ul. Moniuszki 11, 68-200 \u017bary. Sp\u00f3\u0142ka jest zarejestrowana w Krajowym Rejestrze S\u0105dowym przez S\u0105d Rejonowy w Zielonej G\u00f3rze, VIII Wydzia\u0142 Gospodarczy pod numerem KRS 0000486374; REGON 302580736; NIP 779-241-78-18, adres poczty elektronicznej: <a href=\"mailto:sekretariat@moja-gazeta.info\">sekretariat@moja-gazeta.info<\/a>, <a href=\"mailto:redakcja@moja-gazeta.info\">redakcja@moja-gazeta.info<\/a>, <a href=\"mailto:reklama@moja-gazeta.info\">reklama@moja-gazeta.info<\/a>, numer telefonu: 519 077 784<\/li>\n<li>Administrator nie wyznaczy\u0142 inspektora ochrony danych osobowych;<\/li>\n<li>Pa\u0144stwa dane pozyskali\u015bmy:<\/li>\n<\/ol>\n<p>&#8211; bezpo\u015brednio od Pa\u0144stwa;<\/p>\n<p>&#8211; ze \u017ar\u00f3de\u0142 publicznych oraz og\u00f3lnodost\u0119pnych, w tym z Internetu, np. Krajowego Rejestru S\u0105dowego, Centralnej Ewidencji i Informacji o Dzia\u0142alno\u015bci Gospodarczej.<\/p>\n<ol start=\"4\">\n<li>Firma PPUH Hayduk Andrzej Wojtaszek-Hayduk przetwarza nast\u0119puj\u0105ce kategorie danych:<\/li>\n<\/ol>\n<p>&#8211; dane kontaktowe;<\/p>\n<p>&#8211; dane wymagane do identyfikacji na potrzeby zawarcia umowy, wykonania us\u0142ugi, wystawienia faktury, obs\u0142ugi posprzeda\u017cowej, numery kont w celu rozlicze\u0144 mi\u0119dzy firmami;<\/p>\n<p>&#8211; dane identyfikacyjne niezb\u0119dne do \u015bwiadczenia us\u0142ug on-line;<\/p>\n<ol start=\"5\">\n<li>Pa\u0144stwa dane osobowe b\u0119d\u0105 przetwarzane w celach zwi\u0105zanych z realizacj\u0105 zam\u00f3wie\u0144 przesy\u0142aniem informacji handlowych i marketingowych (szczeg\u00f3lnie w celu kontaktu drog\u0105 mailow\u0105 , informowaniu o promocjach, produktach, katalogach i wydarzeniach z udzia\u0142em administratora) oraz obs\u0142ug\u0105 posprzeda\u017caw\u0105 w tym rozpatrywaniem reklamacji, na postawie wyra\u017conej zgody w oparciu o art.6 ust.1 pkt a rozporz\u0105dzenia i art. 6 ust. 1 lit. f RODO.<\/li>\n<li>Podane dane nie b\u0119d\u0105 przekazywane do pa\u0144stwa trzeciego ani organizacji mi\u0119dzynarodowej;<\/li>\n<li>Podane dane osobowe b\u0119d\u0105 przechowywane przez okres niezb\u0119dny do realizacji kontaktu w celach handlowych i marketingowych do czasu wycofania zgody na przetwarzanie;<\/li>\n<li>Podaj\u0105c swoje dane osobowe, maj\u0105 Pa\u0144stwo prawo do wniesienia sprzeciwu wobec przetwarzania , prawo do przenoszenia danych, prawo do cofni\u0119cia zgody w dowolnym momencie bez wp\u0142ywu na zgodno\u015b\u0107 z prawem przetwarzania, kt\u00f3rego dokonano na podstawie zgody przed jej cofni\u0119ciem;<\/li>\n<li>Podaj\u0105cy swoje dane ma prawo wniesienia skargi do organu nadzorczego , kt\u00f3rym jest Generalny Inspektor Ochrony Danych Osobowych , adres siedziby: ul. Stawki 2 , 00-193 Warszawa , w ka\u017cdej chwili;<\/li>\n<li>Podanie danych osobowych jest dobrowolne, tylko w oparciu o w\u0142asn\u0105 niewymuszon\u0105 wol\u0119, jednak\u017ce w przypadku braku zgody na przetwarzanie danych osobowych Firma nie b\u0119dzie mog\u0142a utrzymywa\u0107 kontaktu i przekazywa\u0107 istotnych informacji;<\/li>\n<li>Nie przewidujemy zautomatyzowanego przetwarzania danych osobowych , w tym nie b\u0119dziemy stosowa\u0107 wobec tych danych profilowania;<\/li>\n<li>Dane osobowe zebrane w procesie zam\u00f3wienia us\u0142ugi reklamowej b\u0119d\u0105 przetwarzane po to, aby sfinalizowa\u0107 umow\u0119 us\u0142ugi za zamieszczenie p\u0142atnego og\u0142oszenia lub p\u0142atnej reklamy na portalu internetowym lub w tygodniku papierowym Moja Gazeta. Umowa mo\u017ce by\u0107 r\u00f3wnie\u017c zawarta poprzez telefoniczny lub mailowy kontakt z handlowcem.\u00a0Dane b\u0119d\u0105 przechowywane na okres \u015bwiadczenia us\u0142ugi i do czasu przedawnienia wzajemnych roszcze\u0144, a w\u00a0przypadku gdy nie dojdzie do zawarcia umowy i \u015bwiadczenia us\u0142ugi, dane zostan\u0105 zarchiwizowane i niewykorzystywane poza celem zwi\u0105zanym z dochodzeniem, obron\u0105 czy ustaleniem wzajemnych roszcze\u0144. &#8211;\u00a06 ust. 1 lit. b) RODO oraz art. 22 ust. 2 lit. a) RODO<\/li>\n<li>Dane zebrane w celu realizacji obowi\u0105zk\u00f3w publicznoprawnych (np. podatkowych) w zwi\u0105zku zawarciem umowy lub \u015bwiadczeniem us\u0142ug przechowywane b\u0119d\u0105 do czasu przedawnienia zobowi\u0105za\u0144 publicznoprawnych (m.in. podatkowych). &#8211; Art. 6 ust. 1 lit. c) RODO;<\/li>\n<li>W celu zapewnienia bezpiecze\u0144stwa w serwisie portalu internetowego zgodnie z Art. 6 ust. 1 lit. f) RODO.<\/li>\n<li>Podanie danych osobowych jest zawsze dobrowolne, ale jednocze\u015bnie konieczne celem realizacji ww. cel\u00f3w.<\/li>\n<li>Dane osobowe przetwarzane w celu realizacji us\u0142ugi s\u0105 ujawniane podmiotom \u015bwiadcz\u0105cym na rzecz u\u017cytkownika wybran\u0105 przez niego us\u0142ug\u0119 (w tym ich podwykonawcom), niezale\u017cnie od celu przetwarzania danych, dost\u0119p do Twoich danych osobowych mog\u0105 mie\u0107 wy\u0142\u0105cznie upowa\u017cnieni pracownicy i podwykonawcy Administratora danych, z kt\u00f3rymi zawar\u0142 on odpowiednie umowy powierzenia danych.<\/li>\n<\/ol>\n","protected":false},"excerpt":{"rendered":"<p>Serwis zbiera w spos\u00f3b automatyczny tylko informacje zawarte w plikach cookies. Pliki (cookies) s\u0105 plikami tekstowymi, kt\u00f3re przechowywane s\u0105 w urz\u0105dzeniu ko\u0144cowym u\u017cytkownika serwisu. Przeznaczone s\u0105 do korzystania ze stron serwisu. Przede wszystkim zawieraj\u0105 nazw\u0119 strony internetowej swojego pochodzenia, sw\u00f3j unikalny numer, czas przechowywania na urz\u0105dzeniu ko\u0144cowym. Operator serwisu (PPUH Hayduk, ul. Moniuszki 11, 68-200 [&hellip;]<\/p>\n","protected":false},"author":2,"featured_media":0,"parent":0,"menu_order":0,"comment_status":"closed","ping_status":"closed","template":"page-pagebuilder-title.php","meta":{"_monsterinsights_skip_tracking":false,"_monsterinsights_sitenote_active":false,"_monsterinsights_sitenote_note":"","_monsterinsights_sitenote_category":0,"footnotes":""},"class_list":["post-2088","page","type-page","status-publish","hentry"],"_links":{"self":[{"href":"https:\/\/moja24.pl\/index.php\/wp-json\/wp\/v2\/pages\/2088","targetHints":{"allow":["GET"]}}],"collection":[{"href":"https:\/\/moja24.pl\/index.php\/wp-json\/wp\/v2\/pages"}],"about":[{"href":"https:\/\/moja24.pl\/index.php\/wp-json\/wp\/v2\/types\/page"}],"author":[{"embeddable":true,"href":"https:\/\/moja24.pl\/index.php\/wp-json\/wp\/v2\/users\/2"}],"replies":[{"embeddable":true,"href":"https:\/\/moja24.pl\/index.php\/wp-json\/wp\/v2\/comments?post=2088"}],"version-history":[{"count":14,"href":"https:\/\/moja24.pl\/index.php\/wp-json\/wp\/v2\/pages\/2088\/revisions"}],"predecessor-version":[{"id":23720,"href":"https:\/\/moja24.pl\/index.php\/wp-json\/wp\/v2\/pages\/2088\/revisions\/23720"}],"wp:attachment":[{"href":"https:\/\/moja24.pl\/index.php\/wp-json\/wp\/v2\/media?parent=2088"}],"curies":[{"name":"wp","href":"https:\/\/api.w.org\/{rel}","templated":true}]}}